{"id":2064,"date":"2024-03-27T10:48:48","date_gmt":"2024-03-27T10:48:48","guid":{"rendered":"https:\/\/tuasesorahipotecaria.com\/?page_id=2064"},"modified":"2024-03-27T10:48:48","modified_gmt":"2024-03-27T10:48:48","slug":"terminos-y-condiciones","status":"publish","type":"page","link":"https:\/\/tuasesorahipotecaria.com\/fr\/terminos-y-condiciones\/","title":{"rendered":"Conditions g\u00e9n\u00e9rales d'utilisation"},"content":{"rendered":"<p>Ces termes et conditions d\u00e9finissent les r\u00e8gles et r\u00e8glements pour l'utilisation du site web de Tu Asesora Hipotecaria, situ\u00e9 \u00e0 l'adresse https:\/\/tuasesorahipotecaria.com\/.<\/p><p>En acc\u00e9dant \u00e0 ce site web, nous supposons que vous acceptez ces termes et conditions. Ne continuez pas \u00e0 utiliser Tu Asesora Hipotecaria si vous n'acceptez pas tous les termes et conditions \u00e9nonc\u00e9s sur cette page.<\/p><p>La terminologie suivante s'applique aux pr\u00e9sentes conditions g\u00e9n\u00e9rales, \u00e0 la d\u00e9claration de confidentialit\u00e9, \u00e0 l'avis de non-responsabilit\u00e9 et \u00e0 tous les accords : Les termes \"Client\", \"Vous\" et \"Votre\" d\u00e9signent la personne qui se connecte \u00e0 ce site web et qui se conforme aux conditions g\u00e9n\u00e9rales de l'Entreprise. La Soci\u00e9t\u00e9\", \"Nous\", \"Notre\", \"Nos\" et \"Nos\", se r\u00e9f\u00e8re \u00e0 notre Soci\u00e9t\u00e9. Les termes \"Partie\", \"Parties\" ou \"Nous\" d\u00e9signent \u00e0 la fois le client et nous-m\u00eames. Tous les termes se r\u00e9f\u00e8rent \u00e0 l'offre, \u00e0 l'acceptation et \u00e0 la prise en compte du paiement n\u00e9cessaire pour mener \u00e0 bien le processus de notre assistance au client de la mani\u00e8re la plus appropri\u00e9e dans le but expr\u00e8s de r\u00e9pondre aux besoins du client en ce qui concerne la fourniture des services d\u00e9clar\u00e9s de la Soci\u00e9t\u00e9, conform\u00e9ment \u00e0 la loi applicable et sous r\u00e9serve de celle-ci. Toute utilisation de la terminologie ci-dessus ou d'autres mots au singulier, au pluriel, avec une majuscule et\/ou il\/elle ou ils\/elles, est consid\u00e9r\u00e9e comme interchangeable et, par cons\u00e9quent, comme se r\u00e9f\u00e9rant \u00e0 la m\u00eame chose.<\/p><h3><strong>Cookies<\/strong><\/h3><p>Nous utilisons des cookies. En acc\u00e9dant \u00e0 Tu Asesora Hipotecaria, vous acceptez d'utiliser des cookies conform\u00e9ment \u00e0 la politique de confidentialit\u00e9 de Tu Asesora Hipotecaria.<\/p><p>La plupart des sites web interactifs utilisent des cookies pour nous permettre de r\u00e9cup\u00e9rer les d\u00e9tails de l'utilisateur \u00e0 chaque visite. Les cookies sont utilis\u00e9s par notre site web pour permettre la fonctionnalit\u00e9 de certaines zones et faciliter la visite de notre site web. Certains de nos partenaires affili\u00e9s\/publicitaires peuvent \u00e9galement utiliser des cookies.<\/p><h3><strong>Licence<\/strong><\/h3><p>Sauf indication contraire, Tu Asesora Hipotecaria et\/ou ses conc\u00e9dants de licence d\u00e9tiennent les droits de propri\u00e9t\u00e9 intellectuelle sur l'ensemble du contenu de Tu Asesora Hipotecaria. Tous les droits de propri\u00e9t\u00e9 intellectuelle sont r\u00e9serv\u00e9s. Vous pouvez acc\u00e9der \u00e0 ce site de Tu Asesora Hipotecaria pour votre usage personnel, sous r\u00e9serve des restrictions \u00e9nonc\u00e9es dans les pr\u00e9sentes conditions g\u00e9n\u00e9rales.<\/p><p>Vous ne devez pas :<\/p><ul><li>Republier le mat\u00e9riel de Tu Asesora Hipotecaria<\/li><li>Vendre, louer ou donner en sous-licence du mat\u00e9riel de Tu Asesora Hipotecaria<\/li><li>Reproduire, dupliquer ou copier le mat\u00e9riel de Tu Asesora Hipotecaria<\/li><li>Redistribuer le contenu de Tu Asesora Hipotecaria<\/li><\/ul><p>Le pr\u00e9sent accord entre en vigueur \u00e0 sa date d'entr\u00e9e en vigueur. Nos conditions g\u00e9n\u00e9rales ont \u00e9t\u00e9 \u00e9labor\u00e9es avec l'aide de l'Agence europ\u00e9enne pour la s\u00e9curit\u00e9 et la sant\u00e9 au travail (ESA). <a href=\"https:\/\/www.termsandconditionsgenerator.com\/\">G\u00e9n\u00e9rateur gratuit de conditions g\u00e9n\u00e9rales<\/a>.<\/p><p>Certaines parties de ce site Web permettent aux utilisateurs de publier et d'\u00e9changer des opinions et des informations dans certaines zones du site. Tu Asesora Hipotecaria ne filtre pas, n'\u00e9dite pas, ne publie pas et ne r\u00e9vise pas les commentaires avant qu'ils ne soient publi\u00e9s sur le site. Les commentaires ne refl\u00e8tent pas les points de vue et les opinions de Tu Asesora Hipotecaria, de ses agents et\/ou de ses affili\u00e9s. Les commentaires refl\u00e8tent les points de vue et les opinions de la personne qui les publie. Dans la mesure o\u00f9 la loi applicable le permet, Tu Asesora Hipotecaria n'est pas responsable des commentaires ni de toute responsabilit\u00e9, dommage ou d\u00e9pense caus\u00e9s et\/ou subis \u00e0 la suite de l'utilisation et\/ou de la publication et\/ou de l'apparition des commentaires sur ce site web.<\/p><p>Tu Asesora Hipotecaria se r\u00e9serve le droit de contr\u00f4ler tous les commentaires et de supprimer tout commentaire jug\u00e9 inappropri\u00e9, offensant ou contraire aux pr\u00e9sentes conditions g\u00e9n\u00e9rales.<\/p><p>Vous le garantissez et le repr\u00e9sentez :<\/p><ul><li>Vous avez le droit de publier les commentaires sur notre site web et vous disposez de toutes les licences et autorisations n\u00e9cessaires pour le faire ;<\/li><li>Les commentaires n'empi\u00e8tent pas sur les droits de propri\u00e9t\u00e9 intellectuelle, y compris, mais sans s'y limiter, les droits d'auteur, de brevet ou de marque d'un tiers ;<\/li><li>Les commentaires ne contiennent pas d'\u00e9l\u00e9ments diffamatoires, offensants, ind\u00e9cents ou ill\u00e9gaux portant atteinte \u00e0 la vie priv\u00e9e.<\/li><li>Les commentaires ne doivent pas \u00eatre utilis\u00e9s pour solliciter ou promouvoir des affaires, des coutumes ou des pratiques commerciales ou des activit\u00e9s ill\u00e9gales.<\/li><\/ul><p>Par la pr\u00e9sente, vous accordez \u00e0 Tu Asesora Hipotecaria une licence non exclusive pour utiliser, reproduire, \u00e9diter et autoriser d'autres personnes \u00e0 utiliser, reproduire et \u00e9diter vos commentaires sous quelque forme que ce soit et dans tous les formats ou m\u00e9dias.<\/p><h3><strong>Lien vers notre contenu<\/strong><\/h3><p>Les organisations suivantes peuvent \u00e9tablir un lien avec notre site web sans autorisation \u00e9crite pr\u00e9alable :<\/p><ul><li>Agences gouvernementales ;<\/li><li>Moteurs de recherche ;<\/li><li>Organismes de presse ;<\/li><li>Les distributeurs d'annuaires en ligne peuvent \u00e9tablir des liens avec notre site web de la m\u00eame mani\u00e8re qu'ils \u00e9tablissent des liens avec les sites web d'autres soci\u00e9t\u00e9s cot\u00e9es en bourse ; et<\/li><li>Les entreprises accr\u00e9dit\u00e9es au niveau du syst\u00e8me, \u00e0 l'exception des organisations caritatives \u00e0 but non lucratif, des centres commerciaux caritatifs et des groupes de collecte de fonds caritatifs, ne peuvent pas \u00e9tablir de lien avec notre site web.<\/li><\/ul><p>Ces organisations peuvent \u00e9tablir un lien avec notre page d'accueil, nos publications ou d'autres informations sur le site web, \u00e0 condition que le lien : (a) ne soit en aucun cas trompeur ; (b) n'implique pas faussement un parrainage ou une approbation de la partie qui \u00e9tablit le lien et de ses produits et\/ou services ; et (c) s'inscrive dans le contexte du site de la partie qui \u00e9tablit le lien.<\/p><p>Nous pouvons examiner et approuver d'autres demandes de liaison \u00e9manant des types d'organisations suivants :<\/p><ul><li>Sources connues d'informations sur les consommateurs et\/ou les entreprises ;<\/li><li>Sites communautaires dot com ;<\/li><li>Associations ou autres groupes repr\u00e9sentant des organisations caritatives ;<\/li><li>Distributeurs d'annuaires en ligne ;<\/li><li>Portails Internet ;<\/li><li>les cabinets d'experts-comptables, d'avocats et de consultants<\/li><li>Les \u00e9tablissements d'enseignement et les associations professionnelles.<\/li><\/ul><p>Nous approuverons les demandes de liens \u00e9manant de ces organisations si nous d\u00e9cidons que : (a) le lien ne nous placerait pas, nous ou nos entreprises accr\u00e9dit\u00e9es, sous un jour d\u00e9favorable ; (b) l'organisation n'a pas d'ant\u00e9c\u00e9dents n\u00e9gatifs avec nous ; (c) l'avantage que nous tirons de la visibilit\u00e9 du lien hypertexte l'emporte sur l'absence de Tu Asesora Hipotecaria ; et (d) le lien s'inscrit dans le contexte d'une information g\u00e9n\u00e9rale sur les ressources.<\/p><p>Ces organisations peuvent \u00e9tablir un lien avec notre page d'accueil, \u00e0 condition que ce lien (a) ne soit en aucun cas trompeur ; (b) n'implique pas faussement le parrainage, l'approbation ou le soutien de la partie qui \u00e9tablit le lien et de ses produits ou services ; et (c) s'inscrive dans le contexte du site de la partie qui \u00e9tablit le lien.<\/p><p>Si vous \u00eates l'une des organisations \u00e9num\u00e9r\u00e9es au paragraphe 2 ci-dessus et que vous souhaitez cr\u00e9er un lien vers notre site web, vous devez nous en informer en envoyant un courrier \u00e9lectronique \u00e0 Tu Asesora Hipotecaria. Indiquez votre nom, le nom de votre organisation, vos coordonn\u00e9es, ainsi que l'URL de votre site, une liste des URL \u00e0 partir desquels vous avez l'intention de cr\u00e9er un lien vers notre site web et une liste des URL de notre site vers lesquels vous aimeriez cr\u00e9er un lien. Veuillez pr\u00e9voir un d\u00e9lai de 2 \u00e0 3 semaines pour une r\u00e9ponse.<\/p><p>Les organisations agr\u00e9\u00e9es peuvent \u00e9tablir un lien avec notre site web de la mani\u00e8re suivante :<\/p><ul><li>l'utilisation de notre raison sociale ; ou<\/li><li>en utilisant le localisateur de ressources uniformes vers lequel il renvoie ; ou<\/li><li>l'utilisation de toute autre description de notre site web qui a du sens dans le contexte et le format du contenu du site de la partie qui \u00e9tablit le lien.<\/li><\/ul><p>Aucune utilisation du logo de Tu Asesora Hipotecaria ou d'autres illustrations ne sera autoris\u00e9e pour l'\u00e9tablissement de liens sans un accord de licence de marque.<\/p><h3><strong>iFrames<\/strong><\/h3><p>Sans autorisation \u00e9crite pr\u00e9alable, vous ne pouvez pas cr\u00e9er de cadres autour de nos pages web qui modifient de quelque mani\u00e8re que ce soit la pr\u00e9sentation visuelle ou l'apparence de notre site web.<\/p><h3><strong>Responsabilit\u00e9 du contenu<\/strong><\/h3><p>Nous ne serons pas responsables du contenu de votre site web. Vous acceptez de nous prot\u00e9ger et de nous d\u00e9fendre contre toute r\u00e9clamation d\u00e9coulant de votre site web. Aucun lien ne doit appara\u00eetre sur un site web qui pourrait \u00eatre interpr\u00e9t\u00e9 comme diffamatoire, obsc\u00e8ne ou criminel, ou qui enfreint, viole ou promeut l'enfreinte ou la violation des droits d'un tiers.<\/p><h3><strong>R\u00e9serve de droits<\/strong><\/h3><p>Nous nous r\u00e9servons le droit de vous demander de supprimer tous les liens ou un lien particulier vers notre site web. Vous acceptez de supprimer imm\u00e9diatement tous les liens vers notre site web \u00e0 notre demande. Nous nous r\u00e9servons \u00e9galement le droit de modifier \u00e0 tout moment les pr\u00e9sentes conditions et votre politique en mati\u00e8re de liens. En continuant \u00e0 \u00e9tablir un lien vers notre site web, vous acceptez d'\u00eatre li\u00e9 par les pr\u00e9sentes conditions d'\u00e9tablissement de liens.<\/p><h3><strong>Suppression de liens sur notre site web<\/strong><\/h3><p>Si vous estimez qu'un lien sur notre site web est offensant pour quelque raison que ce soit, vous \u00eates libre de nous contacter et de nous en informer \u00e0 tout moment. Nous examinerons les demandes de suppression de liens, mais nous ne sommes pas oblig\u00e9s de le faire ou de vous r\u00e9pondre directement.<\/p><p>Nous ne garantissons pas que les informations figurant sur ce site web sont correctes, compl\u00e8tes ou exactes, ni que le site web sera disponible ou que le mat\u00e9riel figurant sur le site web est \u00e0 jour.<\/p><h3><strong>Clause de non-responsabilit\u00e9<\/strong><\/h3><p>Dans toute la mesure permise par la loi applicable, nous excluons toutes les repr\u00e9sentations, garanties et conditions relatives \u00e0 notre site web et \u00e0 l'utilisation que vous en faites. Rien dans cette clause de non-responsabilit\u00e9 :<\/p><ul><li>limiter ou exclure notre ou votre responsabilit\u00e9 en cas de d\u00e9c\u00e8s ou de dommages corporels ;<\/li><li>limiter ou exclure notre ou votre responsabilit\u00e9 en cas de fraude ou de d\u00e9claration frauduleuse ;<\/li><li>limiter l'une quelconque de nos ou de vos responsabilit\u00e9s d'une mani\u00e8re qui ne serait pas autoris\u00e9e par la loi applicable ; ou<\/li><li>exclure toute responsabilit\u00e9 de notre part ou de la v\u00f4tre qui ne peut \u00eatre exclue en vertu du droit applicable.<\/li><\/ul><p>Les limitations et interdictions de responsabilit\u00e9 \u00e9nonc\u00e9es dans cette section et ailleurs dans la pr\u00e9sente clause de non-responsabilit\u00e9 : (a) sont soumises au paragraphe pr\u00e9c\u00e9dent ; et (b) r\u00e9gissent toutes les responsabilit\u00e9s d\u00e9coulant de la clause de non-responsabilit\u00e9, y compris les responsabilit\u00e9s contractuelles, d\u00e9lictuelles et en cas de violation d'une obligation l\u00e9gale.<\/p><p>Tant que le site web et les informations et services qu'il contient sont fournis gratuitement, nous ne sommes pas responsables des pertes ou dommages de quelque nature que ce soit.<\/p>","protected":false},"excerpt":{"rendered":"<p>Les pr\u00e9sentes conditions g\u00e9n\u00e9rales d\u00e9finissent les r\u00e8gles d'utilisation du site web de Tu Asesora Hipotecaria, situ\u00e9 \u00e0 l'adresse https:\/\/tuasesorahipotecaria.com\/. En acc\u00e9dant \u00e0 ce site, vous \u00eates r\u00e9put\u00e9 accepter ces conditions. Ne continuez pas \u00e0 utiliser Tu Asesora Hipotecaria si vous n'acceptez pas tous les termes et conditions \u00e9nonc\u00e9s dans [...].<\/p>","protected":false},"author":2,"featured_media":0,"parent":0,"menu_order":0,"comment_status":"closed","ping_status":"closed","template":"","meta":{"footnotes":""},"class_list":["post-2064","page","type-page","status-publish","hentry"],"yoast_head":"<!-- This site is optimized with the Yoast SEO plugin v22.4 - https:\/\/yoast.com\/wordpress\/plugins\/seo\/ -->\n<title>T\u00e9rminos y Condiciones - Tu Asesora Hipotecaria<\/title>\n<meta name=\"robots\" content=\"index, follow, max-snippet:-1, max-image-preview:large, max-video-preview:-1\" \/>\n<link rel=\"canonical\" href=\"https:\/\/tuasesorahipotecaria.com\/fr\/terminos-y-condiciones\/\" \/>\n<meta property=\"og:locale\" content=\"fr_FR\" \/>\n<meta property=\"og:type\" content=\"article\" \/>\n<meta property=\"og:title\" content=\"T\u00e9rminos y Condiciones - Tu Asesora Hipotecaria\" \/>\n<meta property=\"og:description\" content=\"Estos t\u00e9rminos y condiciones delinean las reglas y regulaciones para el uso del Sitio Web de Tu Asesora Hipotecaria, ubicado en https:\/\/tuasesorahipotecaria.com\/. Al acceder a este sitio web, asumimos que aceptas estos t\u00e9rminos y condiciones. No contin\u00faes utilizando Tu Asesora Hipotecaria si no est\u00e1s de acuerdo en aceptar todos los t\u00e9rminos y condiciones establecidos en [&hellip;]\" \/>\n<meta property=\"og:url\" content=\"https:\/\/tuasesorahipotecaria.com\/fr\/terminos-y-condiciones\/\" \/>\n<meta property=\"og:site_name\" content=\"Tu Asesora Hipotecaria\" \/>\n<meta name=\"twitter:card\" content=\"summary_large_image\" \/>\n<meta name=\"twitter:label1\" content=\"Dur\u00e9e de lecture estim\u00e9e\" \/>\n\t<meta name=\"twitter:data1\" content=\"8 minutes\" \/>\n<script type=\"application\/ld+json\" class=\"yoast-schema-graph\">{\"@context\":\"https:\/\/schema.org\",\"@graph\":[{\"@type\":\"WebPage\",\"@id\":\"https:\/\/tuasesorahipotecaria.com\/fr\/terminos-y-condiciones\/\",\"url\":\"https:\/\/tuasesorahipotecaria.com\/fr\/terminos-y-condiciones\/\",\"name\":\"T\u00e9rminos y Condiciones - Tu Asesora Hipotecaria\",\"isPartOf\":{\"@id\":\"https:\/\/tuasesorahipotecaria.com\/#website\"},\"datePublished\":\"2024-03-27T10:48:48+00:00\",\"dateModified\":\"2024-03-27T10:48:48+00:00\",\"breadcrumb\":{\"@id\":\"https:\/\/tuasesorahipotecaria.com\/fr\/terminos-y-condiciones\/#breadcrumb\"},\"inLanguage\":\"fr-FR\",\"potentialAction\":[{\"@type\":\"ReadAction\",\"target\":[\"https:\/\/tuasesorahipotecaria.com\/fr\/terminos-y-condiciones\/\"]}]},{\"@type\":\"BreadcrumbList\",\"@id\":\"https:\/\/tuasesorahipotecaria.com\/fr\/terminos-y-condiciones\/#breadcrumb\",\"itemListElement\":[{\"@type\":\"ListItem\",\"position\":1,\"name\":\"Accueil\",\"item\":\"https:\/\/tuasesorahipotecaria.com\/en\/\"},{\"@type\":\"ListItem\",\"position\":2,\"name\":\"T\u00e9rminos y Condiciones\"}]},{\"@type\":\"WebSite\",\"@id\":\"https:\/\/tuasesorahipotecaria.com\/#website\",\"url\":\"https:\/\/tuasesorahipotecaria.com\/\",\"name\":\"Tu Asesora Hipotecaria\",\"description\":\"\",\"publisher\":{\"@id\":\"https:\/\/tuasesorahipotecaria.com\/#organization\"},\"potentialAction\":[{\"@type\":\"SearchAction\",\"target\":{\"@type\":\"EntryPoint\",\"urlTemplate\":\"https:\/\/tuasesorahipotecaria.com\/?s={search_term_string}\"},\"query-input\":\"required name=search_term_string\"}],\"inLanguage\":\"fr-FR\"},{\"@type\":\"Organization\",\"@id\":\"https:\/\/tuasesorahipotecaria.com\/#organization\",\"name\":\"Tu Asesora Hipotecaria\",\"url\":\"https:\/\/tuasesorahipotecaria.com\/\",\"logo\":{\"@type\":\"ImageObject\",\"inLanguage\":\"fr-FR\",\"@id\":\"https:\/\/tuasesorahipotecaria.com\/#\/schema\/logo\/image\/\",\"url\":\"https:\/\/tuasesorahipotecaria.com\/wp-content\/uploads\/2023\/12\/Logo2.png\",\"contentUrl\":\"https:\/\/tuasesorahipotecaria.com\/wp-content\/uploads\/2023\/12\/Logo2.png\",\"width\":2048,\"height\":652,\"caption\":\"Tu Asesora Hipotecaria\"},\"image\":{\"@id\":\"https:\/\/tuasesorahipotecaria.com\/#\/schema\/logo\/image\/\"}}]}<\/script>\n<!-- \/ Yoast SEO plugin. -->","yoast_head_json":{"title":"T\u00e9rminos y Condiciones - Tu Asesora Hipotecaria","robots":{"index":"index","follow":"follow","max-snippet":"max-snippet:-1","max-image-preview":"max-image-preview:large","max-video-preview":"max-video-preview:-1"},"canonical":"https:\/\/tuasesorahipotecaria.com\/fr\/terminos-y-condiciones\/","og_locale":"fr_FR","og_type":"article","og_title":"T\u00e9rminos y Condiciones - Tu Asesora Hipotecaria","og_description":"Estos t\u00e9rminos y condiciones delinean las reglas y regulaciones para el uso del Sitio Web de Tu Asesora Hipotecaria, ubicado en https:\/\/tuasesorahipotecaria.com\/. Al acceder a este sitio web, asumimos que aceptas estos t\u00e9rminos y condiciones. No contin\u00faes utilizando Tu Asesora Hipotecaria si no est\u00e1s de acuerdo en aceptar todos los t\u00e9rminos y condiciones establecidos en [&hellip;]","og_url":"https:\/\/tuasesorahipotecaria.com\/fr\/terminos-y-condiciones\/","og_site_name":"Tu Asesora Hipotecaria","twitter_card":"summary_large_image","twitter_misc":{"Dur\u00e9e de lecture estim\u00e9e":"8 minutes"},"schema":{"@context":"https:\/\/schema.org","@graph":[{"@type":"WebPage","@id":"https:\/\/tuasesorahipotecaria.com\/fr\/terminos-y-condiciones\/","url":"https:\/\/tuasesorahipotecaria.com\/fr\/terminos-y-condiciones\/","name":"T\u00e9rminos y Condiciones - Tu Asesora Hipotecaria","isPartOf":{"@id":"https:\/\/tuasesorahipotecaria.com\/#website"},"datePublished":"2024-03-27T10:48:48+00:00","dateModified":"2024-03-27T10:48:48+00:00","breadcrumb":{"@id":"https:\/\/tuasesorahipotecaria.com\/fr\/terminos-y-condiciones\/#breadcrumb"},"inLanguage":"fr-FR","potentialAction":[{"@type":"ReadAction","target":["https:\/\/tuasesorahipotecaria.com\/fr\/terminos-y-condiciones\/"]}]},{"@type":"BreadcrumbList","@id":"https:\/\/tuasesorahipotecaria.com\/fr\/terminos-y-condiciones\/#breadcrumb","itemListElement":[{"@type":"ListItem","position":1,"name":"Accueil","item":"https:\/\/tuasesorahipotecaria.com\/en\/"},{"@type":"ListItem","position":2,"name":"T\u00e9rminos y Condiciones"}]},{"@type":"WebSite","@id":"https:\/\/tuasesorahipotecaria.com\/#website","url":"https:\/\/tuasesorahipotecaria.com\/","name":"Tu Asesora Hipotecaria","description":"","publisher":{"@id":"https:\/\/tuasesorahipotecaria.com\/#organization"},"potentialAction":[{"@type":"SearchAction","target":{"@type":"EntryPoint","urlTemplate":"https:\/\/tuasesorahipotecaria.com\/?s={search_term_string}"},"query-input":"required name=search_term_string"}],"inLanguage":"fr-FR"},{"@type":"Organization","@id":"https:\/\/tuasesorahipotecaria.com\/#organization","name":"Tu Asesora Hipotecaria","url":"https:\/\/tuasesorahipotecaria.com\/","logo":{"@type":"ImageObject","inLanguage":"fr-FR","@id":"https:\/\/tuasesorahipotecaria.com\/#\/schema\/logo\/image\/","url":"https:\/\/tuasesorahipotecaria.com\/wp-content\/uploads\/2023\/12\/Logo2.png","contentUrl":"https:\/\/tuasesorahipotecaria.com\/wp-content\/uploads\/2023\/12\/Logo2.png","width":2048,"height":652,"caption":"Tu Asesora Hipotecaria"},"image":{"@id":"https:\/\/tuasesorahipotecaria.com\/#\/schema\/logo\/image\/"}}]}},"_links":{"self":[{"href":"https:\/\/tuasesorahipotecaria.com\/fr\/wp-json\/wp\/v2\/pages\/2064","targetHints":{"allow":["GET"]}}],"collection":[{"href":"https:\/\/tuasesorahipotecaria.com\/fr\/wp-json\/wp\/v2\/pages"}],"about":[{"href":"https:\/\/tuasesorahipotecaria.com\/fr\/wp-json\/wp\/v2\/types\/page"}],"author":[{"embeddable":true,"href":"https:\/\/tuasesorahipotecaria.com\/fr\/wp-json\/wp\/v2\/users\/2"}],"replies":[{"embeddable":true,"href":"https:\/\/tuasesorahipotecaria.com\/fr\/wp-json\/wp\/v2\/comments?post=2064"}],"version-history":[{"count":1,"href":"https:\/\/tuasesorahipotecaria.com\/fr\/wp-json\/wp\/v2\/pages\/2064\/revisions"}],"predecessor-version":[{"id":2065,"href":"https:\/\/tuasesorahipotecaria.com\/fr\/wp-json\/wp\/v2\/pages\/2064\/revisions\/2065"}],"wp:attachment":[{"href":"https:\/\/tuasesorahipotecaria.com\/fr\/wp-json\/wp\/v2\/media?parent=2064"}],"curies":[{"name":"wp","href":"https:\/\/api.w.org\/{rel}","templated":true}]}}